{"id":394,"date":"2023-03-06T12:07:14","date_gmt":"2023-03-06T12:07:14","guid":{"rendered":"https:\/\/afer.ase.ro\/?page_id=394"},"modified":"2023-03-07T09:52:23","modified_gmt":"2023-03-07T09:52:23","slug":"departamentul-organizarea-evenimentelor-stiintifice-congrese-conferinte-workshop-uri-competitii-studentesti-etc","status":"publish","type":"page","link":"https:\/\/afer.ase.ro\/?page_id=394","title":{"rendered":"Departamentul Organizarea evenimentelor \u015ftiin\u0163ifice (congrese, conferin\u0163e, workshop-uri, competi\u0163ii studen\u0163e\u015fti etc.)"},"content":{"rendered":"\t\t<div data-elementor-type=\"wp-page\" data-elementor-id=\"394\" class=\"elementor elementor-394\">\n\t\t\t\t\t\t\t\t\t<section class=\"elementor-section elementor-top-section elementor-element elementor-element-dd9a624 elementor-section-boxed elementor-section-height-default elementor-section-height-default\" data-id=\"dd9a624\" data-element_type=\"section\">\n\t\t\t\t\t\t<div class=\"elementor-container elementor-column-gap-default\">\n\t\t\t\t\t<div class=\"elementor-column elementor-col-100 elementor-top-column elementor-element elementor-element-4a138e0\" data-id=\"4a138e0\" data-element_type=\"column\">\n\t\t\t<div class=\"elementor-widget-wrap elementor-element-populated\">\n\t\t\t\t\t\t\t\t<div class=\"elementor-element elementor-element-1985851 elementor-widget elementor-widget-heading\" data-id=\"1985851\" data-element_type=\"widget\" data-widget_type=\"heading.default\">\n\t\t\t\t<div class=\"elementor-widget-container\">\n\t\t\t<style>\/*! elementor - v3.13.2 - 11-05-2023 *\/\n.elementor-heading-title{padding:0;margin:0;line-height:1}.elementor-widget-heading .elementor-heading-title[class*=elementor-size-]>a{color:inherit;font-size:inherit;line-height:inherit}.elementor-widget-heading .elementor-heading-title.elementor-size-small{font-size:15px}.elementor-widget-heading .elementor-heading-title.elementor-size-medium{font-size:19px}.elementor-widget-heading .elementor-heading-title.elementor-size-large{font-size:29px}.elementor-widget-heading .elementor-heading-title.elementor-size-xl{font-size:39px}.elementor-widget-heading .elementor-heading-title.elementor-size-xxl{font-size:59px}<\/style><h3 class=\"elementor-heading-title elementor-size-default\">Departamentul Organizarea evenimentelor \u015ftiin\u0163ifice<BR> (congrese, conferin\u0163e, workshop-uri, competi\u0163ii studen\u0163e\u015fti etc.)<\/h3>\t\t<\/div>\n\t\t\t\t<\/div>\n\t\t\t\t<div class=\"elementor-element elementor-element-845529a elementor-widget-divider--separator-type-pattern elementor-widget-divider--view-line elementor-widget elementor-widget-divider\" data-id=\"845529a\" data-element_type=\"widget\" data-widget_type=\"divider.default\">\n\t\t\t\t<div class=\"elementor-widget-container\">\n\t\t\t<style>\/*! elementor - v3.13.2 - 11-05-2023 *\/\n.elementor-widget-divider{--divider-border-style:none;--divider-border-width:1px;--divider-color:#0c0d0e;--divider-icon-size:20px;--divider-element-spacing:10px;--divider-pattern-height:24px;--divider-pattern-size:20px;--divider-pattern-url:none;--divider-pattern-repeat:repeat-x}.elementor-widget-divider .elementor-divider{display:flex}.elementor-widget-divider .elementor-divider__text{font-size:15px;line-height:1;max-width:95%}.elementor-widget-divider .elementor-divider__element{margin:0 var(--divider-element-spacing);flex-shrink:0}.elementor-widget-divider .elementor-icon{font-size:var(--divider-icon-size)}.elementor-widget-divider .elementor-divider-separator{display:flex;margin:0;direction:ltr}.elementor-widget-divider--view-line_icon .elementor-divider-separator,.elementor-widget-divider--view-line_text .elementor-divider-separator{align-items:center}.elementor-widget-divider--view-line_icon .elementor-divider-separator:after,.elementor-widget-divider--view-line_icon .elementor-divider-separator:before,.elementor-widget-divider--view-line_text .elementor-divider-separator:after,.elementor-widget-divider--view-line_text .elementor-divider-separator:before{display:block;content:\"\";border-bottom:0;flex-grow:1;border-top:var(--divider-border-width) var(--divider-border-style) var(--divider-color)}.elementor-widget-divider--element-align-left .elementor-divider .elementor-divider-separator>.elementor-divider__svg:first-of-type{flex-grow:0;flex-shrink:100}.elementor-widget-divider--element-align-left .elementor-divider-separator:before{content:none}.elementor-widget-divider--element-align-left .elementor-divider__element{margin-left:0}.elementor-widget-divider--element-align-right .elementor-divider .elementor-divider-separator>.elementor-divider__svg:last-of-type{flex-grow:0;flex-shrink:100}.elementor-widget-divider--element-align-right .elementor-divider-separator:after{content:none}.elementor-widget-divider--element-align-right .elementor-divider__element{margin-right:0}.elementor-widget-divider:not(.elementor-widget-divider--view-line_text):not(.elementor-widget-divider--view-line_icon) .elementor-divider-separator{border-top:var(--divider-border-width) var(--divider-border-style) var(--divider-color)}.elementor-widget-divider--separator-type-pattern{--divider-border-style:none}.elementor-widget-divider--separator-type-pattern.elementor-widget-divider--view-line .elementor-divider-separator,.elementor-widget-divider--separator-type-pattern:not(.elementor-widget-divider--view-line) .elementor-divider-separator:after,.elementor-widget-divider--separator-type-pattern:not(.elementor-widget-divider--view-line) .elementor-divider-separator:before,.elementor-widget-divider--separator-type-pattern:not([class*=elementor-widget-divider--view]) .elementor-divider-separator{width:100%;min-height:var(--divider-pattern-height);-webkit-mask-size:var(--divider-pattern-size) 100%;mask-size:var(--divider-pattern-size) 100%;-webkit-mask-repeat:var(--divider-pattern-repeat);mask-repeat:var(--divider-pattern-repeat);background-color:var(--divider-color);-webkit-mask-image:var(--divider-pattern-url);mask-image:var(--divider-pattern-url)}.elementor-widget-divider--no-spacing{--divider-pattern-size:auto}.elementor-widget-divider--bg-round{--divider-pattern-repeat:round}.rtl .elementor-widget-divider .elementor-divider__text{direction:rtl}.e-con-inner>.elementor-widget-divider,.e-con>.elementor-widget-divider{width:var(--container-widget-width,100%);--flex-grow:var(--container-widget-flex-grow)}<\/style>\t\t<div class=\"elementor-divider\" style=\"--divider-pattern-url: url(&quot;data:image\/svg+xml,%3Csvg xmlns=&#039;http:\/\/www.w3.org\/2000\/svg&#039; preserveAspectRatio=&#039;none&#039; overflow=&#039;visible&#039; height=&#039;100%&#039; viewBox=&#039;0 0 20 16&#039; fill=&#039;none&#039; stroke=&#039;black&#039; stroke-width=&#039;3.3&#039; stroke-linecap=&#039;square&#039; stroke-miterlimit=&#039;10&#039;%3E%3Cg transform=&#039;translate(-12.000000, 0)&#039;%3E%3Cpath d=&#039;M28,0L10,18&#039;\/%3E%3Cpath d=&#039;M18,0L0,18&#039;\/%3E%3Cpath d=&#039;M48,0L30,18&#039;\/%3E%3Cpath d=&#039;M38,0L20,18&#039;\/%3E%3C\/g%3E%3C\/svg%3E&quot;);\">\n\t\t\t<span class=\"elementor-divider-separator\">\n\t\t\t\t\t\t<\/span>\n\t\t<\/div>\n\t\t\t\t<\/div>\n\t\t\t\t<\/div>\n\t\t\t\t\t<\/div>\n\t\t<\/div>\n\t\t\t\t\t\t\t<\/div>\n\t\t<\/section>\n\t\t\t\t<section class=\"elementor-section elementor-top-section elementor-element elementor-element-9d70700 elementor-section-boxed elementor-section-height-default elementor-section-height-default\" data-id=\"9d70700\" data-element_type=\"section\">\n\t\t\t\t\t\t<div class=\"elementor-container elementor-column-gap-default\">\n\t\t\t\t\t<div class=\"elementor-column elementor-col-100 elementor-top-column elementor-element elementor-element-72e384d\" data-id=\"72e384d\" data-element_type=\"column\">\n\t\t\t<div class=\"elementor-widget-wrap elementor-element-populated\">\n\t\t\t\t\t\t\t\t<div class=\"elementor-element elementor-element-1078647 elementor-widget elementor-widget-text-editor\" data-id=\"1078647\" data-element_type=\"widget\" data-widget_type=\"text-editor.default\">\n\t\t\t\t<div class=\"elementor-widget-container\">\n\t\t\t<style>\/*! elementor - v3.13.2 - 11-05-2023 *\/\n.elementor-widget-text-editor.elementor-drop-cap-view-stacked .elementor-drop-cap{background-color:#69727d;color:#fff}.elementor-widget-text-editor.elementor-drop-cap-view-framed .elementor-drop-cap{color:#69727d;border:3px solid;background-color:transparent}.elementor-widget-text-editor:not(.elementor-drop-cap-view-default) .elementor-drop-cap{margin-top:8px}.elementor-widget-text-editor:not(.elementor-drop-cap-view-default) .elementor-drop-cap-letter{width:1em;height:1em}.elementor-widget-text-editor .elementor-drop-cap{float:left;text-align:center;line-height:1;font-size:50px}.elementor-widget-text-editor .elementor-drop-cap-letter{display:inline-block}<\/style>\t\t\t\t<h2><em><span style=\"font-size: 12pt; color: #000000;\">Conducere<\/span><\/em><\/h2><p><span style=\"font-size: 12pt; color: #000000;\"><strong>Director:<\/strong><\/span><\/p><ul><li><p><span style=\"font-size: 12pt; color: #000000;\">Prof. univ. dr. hab. Carmen N\u0102STASE \u2013 Universitatea \u201e\u0218tefan Cel Mare\u201d din Suceava, Facultatea de Economie, Administra\u021bie si Afaceri<\/span><\/p><\/li><\/ul><p><span style=\"font-size: 12pt; color: #000000;\"><strong>Director Adjunct:<\/strong><\/span><\/p><ul><li><p><span style=\"font-size: 12pt; color: #000000;\">Prof. univ. dr.\u00a0 Anca Gabriela ILIE \u2013 Academia de Studii Economice din Bucure\u0219ti, Facultatea de Rela\u021bii Economice Interna\u021bionale<\/span><\/p><\/li><\/ul><p><span style=\"font-size: 12pt; color: #000000;\"><strong>Secretar:<\/strong><\/span><\/p><ul><li><p><span style=\"font-size: 12pt; color: #000000;\">Lect. univ. dr.\u00a0 Renate BRATU \u2013 Universitatea \u201eLucian Blaga\u201d din \u00a0Sibiu, Facultatea de \u0218tiin\u021be Economice<\/span><\/p><\/li><\/ul><p><span style=\"font-size: 12pt; color: #000000;\"><strong>Membru:<\/strong><\/span><\/p><ul><li><span style=\"font-size: 12pt; color: #000000;\">\u2666 Prof. univ. dr.\u00a0 Marius Dan GAVRILETEA \u2013 Universitatea \u201eBabe\u0219-Bolyai\u201d Cluj-Napoca,\u00a0Facultatea de Business<\/span><\/li><li><span style=\"font-size: 12pt; color: #000000;\">\u2666 Prof. univ. dr.\u00a0 Ileana\u00a0 TACHE \u2013 Universitatea \u201eTransilvania\u201d din Bra\u0219ov, Facultatea de \u0218tiin\u021be Economice \u0219i Administrarea Afacerilor<\/span><\/li><li><span style=\"font-size: 12pt; color: #000000;\">\u2666 Conf. univ. dr. Constan\u021ba ENEA \u2013 Universitatea \u201eConstantin Br\u00e2ncu\u0219i\u201d din T\u00e2rgu-Jiu,\u00a0Facultatea de \u0218tiin\u021be Economice \u0219i Gestiunea Afacerilor<\/span><\/li><li><span style=\"font-size: 12pt; color: #000000;\">\u2666 Conf. univ. dr. Virgil F\u0102TU \u2013 Universitatea \u201ePetre Andrei\u201d din Ia\u0219i,\u00a0Facultatea de Economie<\/span><\/li><li><span style=\"font-size: 12pt; color: #000000;\">\u2666 Conf. univ. dr. Alin-Constantin DUMITRESCU \u2013 Camera Auditorilor Financiari din Romania<\/span><\/li><li><span style=\"font-size: 12pt; color: #000000;\">\u2666 Conf. univ. dr. Silvia Elena IACOB \u2013 Academia de Studii Economice din Bucure\u0219ti, Facultatea de Economie Teoretic\u0103 \u0219i Aplicat\u0103<\/span><\/li><li><span style=\"font-size: 12pt; color: #000000;\">\u2666 Lect. univ. dr.\u00a0 Alina Gabriela BREZOI \u2013 Universitatea Petrol-Gaze Ploie\u0219ti, Facultatea de \u0218tiin\u021be Economice<\/span><\/li><li><span style=\"font-size: 12pt; color: #000000;\">\u2666 Lect. univ. dr. Gabriela GHEORGHIU \u2013 Universitatea \u201eOvidius\u201d din Constan\u021ba, Facultatea de \u0218tiin\u021be Economice<\/span><\/li><li><span style=\"font-size: 12pt; color: #000000;\">\u2666 Lect. univ. dr. Doina GURI\u021a\u0102 \u2013 Universitatea \u201ePetre Andrei\u201d din Ia\u0219i, Facultatea de Economie<\/span><\/li><li><span style=\"font-size: 12pt; color: #000000;\">\u2666 Lect. univ. dr. Dumitru-Mihai NEDELESCU \u2013 Universitatea Rom\u00e2no-American\u0103 din Bucure\u0219ti, Facultatea de Rela\u021bii Comerciale \u0219i Financiar Bancare Interne \u0219i Interna\u021bionale<\/span><\/li><li><span style=\"font-size: 12pt; color: #000000;\">\u2666 Lect. univ. dr.\u00a0 Ioana Cristina\u00a0 PATRICHI \u2013 Universitatea Rom\u00e2no-American\u0103 din Bucure\u0219ti, Facultatea de Economia Turismului Intern \u0219i Interna\u021bional<\/span><\/li><li><span style=\"font-size: 12pt; color: #000000;\">\u2666 Silvia FELDIOREAN \u2013 ACCA (Association of Chartered Certified Accountants \u2013 Biroul pentru Europa de Sud-Est)<\/span><\/li><\/ul>\t\t\t\t\t\t<\/div>\n\t\t\t\t<\/div>\n\t\t\t\t\t<\/div>\n\t\t<\/div>\n\t\t\t\t\t\t\t<\/div>\n\t\t<\/section>\n\t\t\t\t\t\t\t<\/div>\n\t\t","protected":false},"excerpt":{"rendered":"<p>Departamentul Organizarea evenimentelor \u015ftiin\u0163ifice (congrese, conferin\u0163e, workshop-uri, competi\u0163ii studen\u0163e\u015fti etc.) Conducere Director: Prof. univ. dr. hab. Carmen N\u0102STASE \u2013 Universitatea \u201e\u0218tefan Cel Mare\u201d din Suceava, Facultatea de Economie, Administra\u021bie si Afaceri Director Adjunct: Prof. univ. dr.\u00a0 Anca Gabriela ILIE \u2013 Academia de Studii Economice din Bucure\u0219ti, Facultatea de Rela\u021bii Economice Interna\u021bionale Secretar: Lect. univ. dr.\u00a0 Renate BRATU \u2013 Universitatea \u201eLucian Blaga\u201d din \u00a0Sibiu, Facultatea de \u0218tiin\u021be Economice Membru: \u2666 Prof. univ. dr.\u00a0 Marius Dan GAVRILETEA \u2013 Universitatea \u201eBabe\u0219-Bolyai\u201d Cluj-Napoca,\u00a0Facultatea de Business \u2666 Prof. univ. dr.\u00a0 Ileana\u00a0 TACHE \u2013 Universitatea \u201eTransilvania\u201d din Bra\u0219ov, Facultatea de \u0218tiin\u021be Economice \u0219i Administrarea Afacerilor \u2666 Conf. univ. dr. Constan\u021ba ENEA \u2013 Universitatea \u201eConstantin Br\u00e2ncu\u0219i\u201d din T\u00e2rgu-Jiu,\u00a0Facultatea de \u0218tiin\u021be Economice \u0219i Gestiunea Afacerilor \u2666 Conf. univ. dr. Virgil F\u0102TU \u2013 Universitatea \u201ePetre Andrei\u201d din Ia\u0219i,\u00a0Facultatea de Economie \u2666 Conf. univ. dr. Alin-Constantin DUMITRESCU \u2013 Camera Auditorilor Financiari din Romania \u2666 Conf. univ. dr. Silvia Elena IACOB \u2013 Academia de Studii Economice din Bucure\u0219ti, Facultatea de Economie Teoretic\u0103 \u0219i Aplicat\u0103 \u2666 Lect. univ. dr.\u00a0 Alina Gabriela BREZOI \u2013 Universitatea Petrol-Gaze Ploie\u0219ti, Facultatea de \u0218tiin\u021be Economice \u2666 Lect. univ. dr. Gabriela GHEORGHIU \u2013 Universitatea \u201eOvidius\u201d din Constan\u021ba, Facultatea de \u0218tiin\u021be Economice \u2666 Lect. univ. dr. Doina GURI\u021a\u0102 \u2013 Universitatea \u201ePetre Andrei\u201d din Ia\u0219i, Facultatea de Economie \u2666 Lect. univ. dr. Dumitru-Mihai NEDELESCU \u2013 Universitatea Rom\u00e2no-American\u0103 din Bucure\u0219ti, Facultatea de Rela\u021bii Comerciale \u0219i Financiar Bancare Interne \u0219i Interna\u021bionale \u2666 Lect. univ. dr.\u00a0 Ioana Cristina\u00a0 PATRICHI \u2013 Universitatea Rom\u00e2no-American\u0103 din Bucure\u0219ti, Facultatea de Economia Turismului Intern \u0219i Interna\u021bional \u2666 Silvia FELDIOREAN \u2013 ACCA (Association of Chartered Certified Accountants \u2013 Biroul pentru Europa de Sud-Est)<\/p>\n","protected":false},"author":1,"featured_media":0,"parent":0,"menu_order":0,"comment_status":"closed","ping_status":"closed","template":"elementor_header_footer","meta":{"footnotes":""},"class_list":["post-394","page","type-page","status-publish","hentry"],"_links":{"self":[{"href":"https:\/\/afer.ase.ro\/index.php?rest_route=\/wp\/v2\/pages\/394","targetHints":{"allow":["GET"]}}],"collection":[{"href":"https:\/\/afer.ase.ro\/index.php?rest_route=\/wp\/v2\/pages"}],"about":[{"href":"https:\/\/afer.ase.ro\/index.php?rest_route=\/wp\/v2\/types\/page"}],"author":[{"embeddable":true,"href":"https:\/\/afer.ase.ro\/index.php?rest_route=\/wp\/v2\/users\/1"}],"replies":[{"embeddable":true,"href":"https:\/\/afer.ase.ro\/index.php?rest_route=%2Fwp%2Fv2%2Fcomments&post=394"}],"version-history":[{"count":8,"href":"https:\/\/afer.ase.ro\/index.php?rest_route=\/wp\/v2\/pages\/394\/revisions"}],"predecessor-version":[{"id":631,"href":"https:\/\/afer.ase.ro\/index.php?rest_route=\/wp\/v2\/pages\/394\/revisions\/631"}],"wp:attachment":[{"href":"https:\/\/afer.ase.ro\/index.php?rest_route=%2Fwp%2Fv2%2Fmedia&parent=394"}],"curies":[{"name":"wp","href":"https:\/\/api.w.org\/{rel}","templated":true}]}}