{"id":396,"date":"2023-03-06T12:07:36","date_gmt":"2023-03-06T12:07:36","guid":{"rendered":"https:\/\/afer.ase.ro\/?page_id=396"},"modified":"2023-03-07T09:53:30","modified_gmt":"2023-03-07T09:53:30","slug":"departamentul-comunicare-si-etica-universitara","status":"publish","type":"page","link":"https:\/\/afer.ase.ro\/?page_id=396","title":{"rendered":"Departamentul Comunicare \u0219i etic\u0103 universitar\u0103"},"content":{"rendered":"\t\t<div data-elementor-type=\"wp-page\" data-elementor-id=\"396\" class=\"elementor elementor-396\">\n\t\t\t\t\t\t\t\t\t<section class=\"elementor-section elementor-top-section elementor-element elementor-element-c4098ef elementor-section-boxed elementor-section-height-default elementor-section-height-default\" data-id=\"c4098ef\" data-element_type=\"section\">\n\t\t\t\t\t\t<div class=\"elementor-container elementor-column-gap-default\">\n\t\t\t\t\t<div class=\"elementor-column elementor-col-100 elementor-top-column elementor-element elementor-element-0da7a77\" data-id=\"0da7a77\" data-element_type=\"column\">\n\t\t\t<div class=\"elementor-widget-wrap elementor-element-populated\">\n\t\t\t\t\t\t\t\t<div class=\"elementor-element elementor-element-4684131 elementor-widget elementor-widget-heading\" data-id=\"4684131\" data-element_type=\"widget\" data-widget_type=\"heading.default\">\n\t\t\t\t<div class=\"elementor-widget-container\">\n\t\t\t<style>\/*! elementor - v3.13.2 - 11-05-2023 *\/\n.elementor-heading-title{padding:0;margin:0;line-height:1}.elementor-widget-heading .elementor-heading-title[class*=elementor-size-]>a{color:inherit;font-size:inherit;line-height:inherit}.elementor-widget-heading .elementor-heading-title.elementor-size-small{font-size:15px}.elementor-widget-heading .elementor-heading-title.elementor-size-medium{font-size:19px}.elementor-widget-heading .elementor-heading-title.elementor-size-large{font-size:29px}.elementor-widget-heading .elementor-heading-title.elementor-size-xl{font-size:39px}.elementor-widget-heading .elementor-heading-title.elementor-size-xxl{font-size:59px}<\/style><h3 class=\"elementor-heading-title elementor-size-default\">Departamentul Comunicare \u0219i etic\u0103 universitar\u0103<\/h3>\t\t<\/div>\n\t\t\t\t<\/div>\n\t\t\t\t<div class=\"elementor-element elementor-element-4d37d00 elementor-widget-divider--separator-type-pattern elementor-widget-divider--view-line elementor-widget elementor-widget-divider\" data-id=\"4d37d00\" data-element_type=\"widget\" data-widget_type=\"divider.default\">\n\t\t\t\t<div class=\"elementor-widget-container\">\n\t\t\t<style>\/*! elementor - v3.13.2 - 11-05-2023 *\/\n.elementor-widget-divider{--divider-border-style:none;--divider-border-width:1px;--divider-color:#0c0d0e;--divider-icon-size:20px;--divider-element-spacing:10px;--divider-pattern-height:24px;--divider-pattern-size:20px;--divider-pattern-url:none;--divider-pattern-repeat:repeat-x}.elementor-widget-divider .elementor-divider{display:flex}.elementor-widget-divider .elementor-divider__text{font-size:15px;line-height:1;max-width:95%}.elementor-widget-divider .elementor-divider__element{margin:0 var(--divider-element-spacing);flex-shrink:0}.elementor-widget-divider .elementor-icon{font-size:var(--divider-icon-size)}.elementor-widget-divider .elementor-divider-separator{display:flex;margin:0;direction:ltr}.elementor-widget-divider--view-line_icon .elementor-divider-separator,.elementor-widget-divider--view-line_text .elementor-divider-separator{align-items:center}.elementor-widget-divider--view-line_icon .elementor-divider-separator:after,.elementor-widget-divider--view-line_icon .elementor-divider-separator:before,.elementor-widget-divider--view-line_text .elementor-divider-separator:after,.elementor-widget-divider--view-line_text .elementor-divider-separator:before{display:block;content:\"\";border-bottom:0;flex-grow:1;border-top:var(--divider-border-width) var(--divider-border-style) var(--divider-color)}.elementor-widget-divider--element-align-left .elementor-divider .elementor-divider-separator>.elementor-divider__svg:first-of-type{flex-grow:0;flex-shrink:100}.elementor-widget-divider--element-align-left .elementor-divider-separator:before{content:none}.elementor-widget-divider--element-align-left .elementor-divider__element{margin-left:0}.elementor-widget-divider--element-align-right .elementor-divider .elementor-divider-separator>.elementor-divider__svg:last-of-type{flex-grow:0;flex-shrink:100}.elementor-widget-divider--element-align-right .elementor-divider-separator:after{content:none}.elementor-widget-divider--element-align-right .elementor-divider__element{margin-right:0}.elementor-widget-divider:not(.elementor-widget-divider--view-line_text):not(.elementor-widget-divider--view-line_icon) .elementor-divider-separator{border-top:var(--divider-border-width) var(--divider-border-style) var(--divider-color)}.elementor-widget-divider--separator-type-pattern{--divider-border-style:none}.elementor-widget-divider--separator-type-pattern.elementor-widget-divider--view-line .elementor-divider-separator,.elementor-widget-divider--separator-type-pattern:not(.elementor-widget-divider--view-line) .elementor-divider-separator:after,.elementor-widget-divider--separator-type-pattern:not(.elementor-widget-divider--view-line) .elementor-divider-separator:before,.elementor-widget-divider--separator-type-pattern:not([class*=elementor-widget-divider--view]) .elementor-divider-separator{width:100%;min-height:var(--divider-pattern-height);-webkit-mask-size:var(--divider-pattern-size) 100%;mask-size:var(--divider-pattern-size) 100%;-webkit-mask-repeat:var(--divider-pattern-repeat);mask-repeat:var(--divider-pattern-repeat);background-color:var(--divider-color);-webkit-mask-image:var(--divider-pattern-url);mask-image:var(--divider-pattern-url)}.elementor-widget-divider--no-spacing{--divider-pattern-size:auto}.elementor-widget-divider--bg-round{--divider-pattern-repeat:round}.rtl .elementor-widget-divider .elementor-divider__text{direction:rtl}.e-con-inner>.elementor-widget-divider,.e-con>.elementor-widget-divider{width:var(--container-widget-width,100%);--flex-grow:var(--container-widget-flex-grow)}<\/style>\t\t<div class=\"elementor-divider\" style=\"--divider-pattern-url: url(&quot;data:image\/svg+xml,%3Csvg xmlns=&#039;http:\/\/www.w3.org\/2000\/svg&#039; preserveAspectRatio=&#039;none&#039; overflow=&#039;visible&#039; height=&#039;100%&#039; viewBox=&#039;0 0 20 16&#039; fill=&#039;none&#039; stroke=&#039;black&#039; stroke-width=&#039;3.3&#039; stroke-linecap=&#039;square&#039; stroke-miterlimit=&#039;10&#039;%3E%3Cg transform=&#039;translate(-12.000000, 0)&#039;%3E%3Cpath d=&#039;M28,0L10,18&#039;\/%3E%3Cpath d=&#039;M18,0L0,18&#039;\/%3E%3Cpath d=&#039;M48,0L30,18&#039;\/%3E%3Cpath d=&#039;M38,0L20,18&#039;\/%3E%3C\/g%3E%3C\/svg%3E&quot;);\">\n\t\t\t<span class=\"elementor-divider-separator\">\n\t\t\t\t\t\t<\/span>\n\t\t<\/div>\n\t\t\t\t<\/div>\n\t\t\t\t<\/div>\n\t\t\t\t\t<\/div>\n\t\t<\/div>\n\t\t\t\t\t\t\t<\/div>\n\t\t<\/section>\n\t\t\t\t<section class=\"elementor-section elementor-top-section elementor-element elementor-element-af00154 elementor-section-boxed elementor-section-height-default elementor-section-height-default\" data-id=\"af00154\" data-element_type=\"section\">\n\t\t\t\t\t\t<div class=\"elementor-container elementor-column-gap-default\">\n\t\t\t\t\t<div class=\"elementor-column elementor-col-100 elementor-top-column elementor-element elementor-element-1f49b9f\" data-id=\"1f49b9f\" data-element_type=\"column\">\n\t\t\t<div class=\"elementor-widget-wrap elementor-element-populated\">\n\t\t\t\t\t\t\t\t<div class=\"elementor-element elementor-element-ab38e1b elementor-widget elementor-widget-text-editor\" data-id=\"ab38e1b\" data-element_type=\"widget\" data-widget_type=\"text-editor.default\">\n\t\t\t\t<div class=\"elementor-widget-container\">\n\t\t\t<style>\/*! elementor - v3.13.2 - 11-05-2023 *\/\n.elementor-widget-text-editor.elementor-drop-cap-view-stacked .elementor-drop-cap{background-color:#69727d;color:#fff}.elementor-widget-text-editor.elementor-drop-cap-view-framed .elementor-drop-cap{color:#69727d;border:3px solid;background-color:transparent}.elementor-widget-text-editor:not(.elementor-drop-cap-view-default) .elementor-drop-cap{margin-top:8px}.elementor-widget-text-editor:not(.elementor-drop-cap-view-default) .elementor-drop-cap-letter{width:1em;height:1em}.elementor-widget-text-editor .elementor-drop-cap{float:left;text-align:center;line-height:1;font-size:50px}.elementor-widget-text-editor .elementor-drop-cap-letter{display:inline-block}<\/style>\t\t\t\t<h2><span style=\"font-size: 12pt; color: #000000;\">Misiune<\/span><\/h2><ul><li><span style=\"font-size: 12pt; color: #000000;\">\u2666 Promovarea AFER prin generarea unei vizibilit\u0103\u0163i mai bune a institu\u0163iei \u015fi prin crearea \u0219i men\u0163inerea unei imagini pozitive at\u00e2t la nivel intern c\u00e2t \u0219i la nivel extern.\u00a0<\/span><\/li><li><span style=\"font-size: 12pt; color: #000000;\">\u2666 Analizarea cazurilor de etic\u0103 universitar\u0103 \u00een cadrul AFER.<\/span><\/li><\/ul><h2><span style=\"font-size: 12pt; color: #000000;\">Obiective<\/span><\/h2><ul><li><span style=\"font-size: 12pt; color: #000000;\">\u2666 crearea \u015fi dezvoltarea rela\u0163iilor de comunicare cu diversele categorii de public \u0163int\u0103 interesate de oferta educa\u0163ional\u0103 \u015fi de cercetare la nivelul AFER;<\/span><\/li><li><span style=\"font-size: 12pt; color: #000000;\">\u2666 informarea intrainstitu\u0163ional\u0103, crearea \u015fi dezvoltarea rela\u0163iilor de comunicare \u00eentre facult\u0103\u0163ile \u015fi departamentele AFER;<\/span><\/li><li><span style=\"font-size: 12pt; color: #000000;\">\u2666 informarea, crearea \u015fi dezvoltarea rela\u0163iilor de comunicare cu alte institu\u0163ii relevante pentru politica \u015fi viziunea universit\u0103\u0163ii: administra\u0163ie public\u0103, ambasade, alte institu\u0163ii educa\u0163ionale, companii de media, asocia\u0163ii \u015fi organiza\u0163ii non-profit, companii private;<\/span><\/li><li><span style=\"font-size: 12pt; color: #000000;\">\u2666 crearea \u015fi dezvoltarea rela\u0163iilor de comunicare AFER cu reprezentan\u0163ii mass media;<\/span><\/li><li><span style=\"font-size: 12pt; color: #000000;\">\u2666 analizarea\u00a0 cazurilor de \u00eenc\u0103lcare grav\u0103 a Statutului, a Codului de etic\u0103 universitar\u0103, precum \u0219i a celorlalte Regulamente AFER \u0219i elaborarea unui set de\u00a0 m\u0103suri c\u0103tre structurile de conducere ale Asocia\u0163iei<\/span><\/li><\/ul><h2><em><span style=\"font-size: 12pt; color: #000000;\">Conducere<\/span><\/em><\/h2><p><span style=\"font-size: 12pt; color: #000000;\"><strong>Director:<\/strong><\/span><\/p><ul><li><span style=\"font-size: 12pt; color: #000000;\">Conf. univ. dr. Grigore Ioan PIRO\u0218C\u0102 \u2013 Academia de Studii Economice din Bucure\u0219ti, Facultatea de Economie Teoretic\u0103 \u0219i Aplicat\u0103<\/span><\/li><\/ul><p><span style=\"font-size: 12pt; color: #000000;\"><strong>Director Adjunct:<\/strong><\/span><\/p><ul><li><span style=\"font-size: 12pt; color: #000000;\">Conf. univ. dr. Mihaela-Carmen MUNTEAN \u2013 Universitatea \u201eDun\u0103rea de Jos\u201d din Gala\u021bi,\u00a0Facultatea de Economie \u0219i Administrarea Afacerilor<\/span><\/li><\/ul><p><span style=\"font-size: 12pt; color: #000000;\"><strong>Secretar:<\/strong><\/span><\/p><ul><li><span style=\"font-size: 12pt; color: #000000;\">Conf. univ. dr. Mariana SORLESCU \u2013 Universitatea Rom\u00e2no-American\u0103 din Bucure\u0219ti, Facultatea de Rela\u021bii Comerciale \u0219i Financiar Bancare Interne \u0219i Interna\u021bionale<\/span><\/li><\/ul><p><span style=\"font-size: 12pt; color: #000000;\"><strong>Membru:<\/strong><\/span><\/p><ul><li><span style=\"font-size: 12pt; color: #000000;\">\u2666 Prof. univ. dr.\u00a0 Adina Claudia\u00a0 NEAM\u021aU \u2013 Universitatea \u201eConstantin Br\u00e2ncu\u0219i\u201d din T\u00e2rgu-Jiu, Facultatea de \u0218tiin\u021be Economice \u0219i Gestiunea Afacerilor<\/span><\/li><li><span style=\"font-size: 12pt; color: #000000;\">\u2666 Prof. univ. dr.\u00a0 Alexandru TRIFU \u2013 Universitatea \u201ePetre Andrei\u201d din Ia\u0219i, Facultatea de Economie<\/span><\/li><li><span style=\"font-size: 12pt; color: #000000;\">\u2666 Prof. univ. dr.\u00a0 Doru Alexandru PLE\u0218EA \u2013 Academia de Studii Economice din Bucuresti<\/span><\/li><li><span style=\"font-size: 12pt; color: #000000;\">\u2666 Conf. univ. dr. Cristina G\u0102NESCU \u2013 Universitatea \u201eConstantin Br\u00e2ncoveanu\u201d din Pite\u0219ti, Facultatea de Management Marketing \u00een Afaceri Economice<\/span><\/li><li><span style=\"font-size: 12pt; color: #000000;\">\u2666 Conf. univ. dr. Simona Irina GOIA \u2013 Academia de Studii Economice din Bucure\u0219ti, Facultatea de Administrarea Afacerilor (cu predare \u00een limbi str\u0103ine)<\/span><\/li><li><span style=\"font-size: 12pt; color: #000000;\">\u2666 Conf. univ. dr. Claudia ISAC \u2013 Universitatea din Petro\u0219ani, Facultatea de \u0218tiin\u021be<\/span><\/li><li><span style=\"font-size: 12pt; color: #000000;\">\u2666 Conf. univ. dr. Anca MELINCEANU \u2013 Universitatea \u201eARTIFEX\u201d Bucure\u0219ti, Facultatea de Management \u0219i Marketing<\/span><\/li><li><span style=\"font-size: 12pt; color: #000000;\">\u2666 Conf. univ. dr. Simona Roxana P\u0102T\u0102RL\u0102GEANU \u2013 Academia de Studii Economice din Bucure\u0219ti, Facultatea de Economie Agroalimentar\u0103 \u0219i a Mediului<\/span><\/li><li><span style=\"font-size: 12pt; color: #000000;\">\u2666 Lect. univ. dr.\u00a0 Gheorghe FLOREA \u2013 Universitatea \u201ePetre Andrei\u201d din Ia\u0219i, Facultatea de Economie<\/span><\/li><\/ul>\t\t\t\t\t\t<\/div>\n\t\t\t\t<\/div>\n\t\t\t\t\t<\/div>\n\t\t<\/div>\n\t\t\t\t\t\t\t<\/div>\n\t\t<\/section>\n\t\t\t\t\t\t\t<\/div>\n\t\t","protected":false},"excerpt":{"rendered":"<p>Departamentul Comunicare \u0219i etic\u0103 universitar\u0103 Misiune \u2666 Promovarea AFER prin generarea unei vizibilit\u0103\u0163i mai bune a institu\u0163iei \u015fi prin crearea \u0219i men\u0163inerea unei imagini pozitive at\u00e2t la nivel intern c\u00e2t \u0219i la nivel extern.\u00a0 \u2666 Analizarea cazurilor de etic\u0103 universitar\u0103 \u00een cadrul AFER. Obiective \u2666 crearea \u015fi dezvoltarea rela\u0163iilor de comunicare cu diversele categorii de public \u0163int\u0103 interesate de oferta educa\u0163ional\u0103 \u015fi de cercetare la nivelul AFER; \u2666 informarea intrainstitu\u0163ional\u0103, crearea \u015fi dezvoltarea rela\u0163iilor de comunicare \u00eentre facult\u0103\u0163ile \u015fi departamentele AFER; \u2666 informarea, crearea \u015fi dezvoltarea rela\u0163iilor de comunicare cu alte institu\u0163ii relevante pentru politica \u015fi viziunea universit\u0103\u0163ii: administra\u0163ie public\u0103, ambasade, alte institu\u0163ii educa\u0163ionale, companii de media, asocia\u0163ii \u015fi organiza\u0163ii non-profit, companii private; \u2666 crearea \u015fi dezvoltarea rela\u0163iilor de comunicare AFER cu reprezentan\u0163ii mass media; \u2666 analizarea\u00a0 cazurilor de \u00eenc\u0103lcare grav\u0103 a Statutului, a Codului de etic\u0103 universitar\u0103, precum \u0219i a celorlalte Regulamente AFER \u0219i elaborarea unui set de\u00a0 m\u0103suri c\u0103tre structurile de conducere ale Asocia\u0163iei Conducere Director: Conf. univ. dr. Grigore Ioan PIRO\u0218C\u0102 \u2013 Academia de Studii Economice din Bucure\u0219ti, Facultatea de Economie Teoretic\u0103 \u0219i Aplicat\u0103 Director Adjunct: Conf. univ. dr. Mihaela-Carmen MUNTEAN \u2013 Universitatea \u201eDun\u0103rea de Jos\u201d din Gala\u021bi,\u00a0Facultatea de Economie \u0219i Administrarea Afacerilor Secretar: Conf. univ. dr. Mariana SORLESCU \u2013 Universitatea Rom\u00e2no-American\u0103 din Bucure\u0219ti, Facultatea de Rela\u021bii Comerciale \u0219i Financiar Bancare Interne \u0219i Interna\u021bionale Membru: \u2666 Prof. univ. dr.\u00a0 Adina Claudia\u00a0 NEAM\u021aU \u2013 Universitatea \u201eConstantin Br\u00e2ncu\u0219i\u201d din T\u00e2rgu-Jiu, Facultatea de \u0218tiin\u021be Economice \u0219i Gestiunea Afacerilor \u2666 Prof. univ. dr.\u00a0 Alexandru TRIFU \u2013 Universitatea \u201ePetre Andrei\u201d din Ia\u0219i, Facultatea de Economie \u2666 Prof. univ. dr.\u00a0 Doru Alexandru PLE\u0218EA \u2013 Academia de Studii Economice din Bucuresti \u2666 Conf. univ. dr. Cristina G\u0102NESCU \u2013 Universitatea \u201eConstantin Br\u00e2ncoveanu\u201d din Pite\u0219ti, Facultatea de Management Marketing \u00een Afaceri Economice \u2666 Conf. univ. dr. Simona Irina GOIA \u2013 Academia de Studii Economice din Bucure\u0219ti, Facultatea de Administrarea Afacerilor (cu predare \u00een limbi str\u0103ine) \u2666 Conf. univ. dr. Claudia ISAC \u2013 Universitatea din Petro\u0219ani, Facultatea de \u0218tiin\u021be \u2666 Conf. univ. dr. Anca MELINCEANU \u2013 Universitatea \u201eARTIFEX\u201d Bucure\u0219ti, Facultatea de Management \u0219i Marketing \u2666 Conf. univ. dr. Simona Roxana P\u0102T\u0102RL\u0102GEANU \u2013 Academia de Studii Economice din Bucure\u0219ti, Facultatea de Economie Agroalimentar\u0103 \u0219i a Mediului \u2666 Lect. univ. dr.\u00a0 Gheorghe FLOREA \u2013 Universitatea \u201ePetre Andrei\u201d din Ia\u0219i, Facultatea de Economie<\/p>\n","protected":false},"author":1,"featured_media":0,"parent":0,"menu_order":0,"comment_status":"closed","ping_status":"closed","template":"elementor_header_footer","meta":{"footnotes":""},"class_list":["post-396","page","type-page","status-publish","hentry"],"_links":{"self":[{"href":"https:\/\/afer.ase.ro\/index.php?rest_route=\/wp\/v2\/pages\/396","targetHints":{"allow":["GET"]}}],"collection":[{"href":"https:\/\/afer.ase.ro\/index.php?rest_route=\/wp\/v2\/pages"}],"about":[{"href":"https:\/\/afer.ase.ro\/index.php?rest_route=\/wp\/v2\/types\/page"}],"author":[{"embeddable":true,"href":"https:\/\/afer.ase.ro\/index.php?rest_route=\/wp\/v2\/users\/1"}],"replies":[{"embeddable":true,"href":"https:\/\/afer.ase.ro\/index.php?rest_route=%2Fwp%2Fv2%2Fcomments&post=396"}],"version-history":[{"count":8,"href":"https:\/\/afer.ase.ro\/index.php?rest_route=\/wp\/v2\/pages\/396\/revisions"}],"predecessor-version":[{"id":634,"href":"https:\/\/afer.ase.ro\/index.php?rest_route=\/wp\/v2\/pages\/396\/revisions\/634"}],"wp:attachment":[{"href":"https:\/\/afer.ase.ro\/index.php?rest_route=%2Fwp%2Fv2%2Fmedia&parent=396"}],"curies":[{"name":"wp","href":"https:\/\/api.w.org\/{rel}","templated":true}]}}